{"id":16,"date":"2024-05-19T22:05:43","date_gmt":"2024-05-19T20:05:43","guid":{"rendered":"https:\/\/cavefish.hu\/?page_id=16"},"modified":"2025-10-19T19:14:14","modified_gmt":"2025-10-19T17:14:14","slug":"linkek","status":"publish","type":"page","link":"https:\/\/cavefish.hu\/log\/?page_id=16","title":{"rendered":"linkek"},"content":{"rendered":"\n<p>N\u00e9h\u00e1ny fontos, \u00e9rdekesebb link.<\/p>\n\n\n\n<p><a href=\"https:\/\/suncraft.hu\" data-type=\"link\" data-id=\"https:\/\/suncraft.hu\">S\u00fcncraft Minecraft Server<\/a><br>Egy Java Edition Minecraft Server, els\u0151sorban saj\u00e1t sz\u00f3rakoztat\u00e1sra k\u00e9sz\u00fclt, ismer\u0151s\u00f6k, bar\u00e1tok b\u00e1rmikor j\u00e1tszhatnak a szerveren. A hozz\u00e1 tartoz\u00f3 weboldalt is \u00e9n k\u00e9sz\u00edtettem, m\u00f6g\u00f6tte komoly infrastrukt\u00fara van. \ud83d\ude00<\/p>\n","protected":false},"excerpt":{"rendered":"<p>N\u00e9h\u00e1ny fontos, \u00e9rdekesebb link. S\u00fcncraft Minecraft ServerEgy Java Edition Minecraft Server, els\u0151sorban saj\u00e1t sz\u00f3rakoztat\u00e1sra k\u00e9sz\u00fclt, ismer\u0151s\u00f6k, bar\u00e1tok b\u00e1rmikor j\u00e1tszhatnak a szerveren. A hozz\u00e1 tartoz\u00f3 weboldalt is \u00e9n k\u00e9sz\u00edtettem, m\u00f6g\u00f6tte komoly infrastrukt\u00fara van. \ud83d\ude00<\/p>\n","protected":false},"author":1,"featured_media":0,"parent":0,"menu_order":0,"comment_status":"closed","ping_status":"closed","template":"","meta":{"footnotes":""},"class_list":["post-16","page","type-page","status-publish","hentry"],"_links":{"self":[{"href":"https:\/\/cavefish.hu\/log\/index.php?rest_route=\/wp\/v2\/pages\/16","targetHints":{"allow":["GET"]}}],"collection":[{"href":"https:\/\/cavefish.hu\/log\/index.php?rest_route=\/wp\/v2\/pages"}],"about":[{"href":"https:\/\/cavefish.hu\/log\/index.php?rest_route=\/wp\/v2\/types\/page"}],"author":[{"embeddable":true,"href":"https:\/\/cavefish.hu\/log\/index.php?rest_route=\/wp\/v2\/users\/1"}],"replies":[{"embeddable":true,"href":"https:\/\/cavefish.hu\/log\/index.php?rest_route=%2Fwp%2Fv2%2Fcomments&post=16"}],"version-history":[{"count":1,"href":"https:\/\/cavefish.hu\/log\/index.php?rest_route=\/wp\/v2\/pages\/16\/revisions"}],"predecessor-version":[{"id":684,"href":"https:\/\/cavefish.hu\/log\/index.php?rest_route=\/wp\/v2\/pages\/16\/revisions\/684"}],"wp:attachment":[{"href":"https:\/\/cavefish.hu\/log\/index.php?rest_route=%2Fwp%2Fv2%2Fmedia&parent=16"}],"curies":[{"name":"wp","href":"https:\/\/api.w.org\/{rel}","templated":true}]}}